{"id":132,"date":"2022-03-23T10:54:10","date_gmt":"2022-03-23T10:54:10","guid":{"rendered":"https:\/\/www.farnost-spalov.cz\/?page_id=132"},"modified":"2022-03-23T10:56:08","modified_gmt":"2022-03-23T10:56:08","slug":"chci-vykonat-svatou-zpoved","status":"publish","type":"page","link":"https:\/\/www.farnost-spalov.cz\/?page_id=132","title":{"rendered":"chci vykonat svatou zpov\u011b\u010f"},"content":{"rendered":"\n<div class=\"wp-block-image\"><figure class=\"alignright size-large is-resized\"><img loading=\"lazy\" decoding=\"async\" src=\"https:\/\/www.farnost-spalov.cz\/wp-content\/uploads\/2022\/03\/Rembrandt_Harmensz._van_Rijn_-_The_Return_of_the_Prodigal_Son-798x1024.jpg\" alt=\"\" class=\"wp-image-133\" width=\"143\" height=\"183\" srcset=\"https:\/\/www.farnost-spalov.cz\/wp-content\/uploads\/2022\/03\/Rembrandt_Harmensz._van_Rijn_-_The_Return_of_the_Prodigal_Son-798x1024.jpg 798w, https:\/\/www.farnost-spalov.cz\/wp-content\/uploads\/2022\/03\/Rembrandt_Harmensz._van_Rijn_-_The_Return_of_the_Prodigal_Son-234x300.jpg 234w, https:\/\/www.farnost-spalov.cz\/wp-content\/uploads\/2022\/03\/Rembrandt_Harmensz._van_Rijn_-_The_Return_of_the_Prodigal_Son-768x985.jpg 768w, https:\/\/www.farnost-spalov.cz\/wp-content\/uploads\/2022\/03\/Rembrandt_Harmensz._van_Rijn_-_The_Return_of_the_Prodigal_Son-624x800.jpg 624w, https:\/\/www.farnost-spalov.cz\/wp-content\/uploads\/2022\/03\/Rembrandt_Harmensz._van_Rijn_-_The_Return_of_the_Prodigal_Son.jpg 800w\" sizes=\"auto, (max-width: 143px) 100vw, 143px\" \/><\/figure><\/div>\n\n\n\n<p>Svat\u00e1 zpov\u011b\u010f neboli sv\u00e1tost sm\u00ed\u0159en\u00ed je sv\u00e1tost, kterou P\u00e1n Je\u017e\u00ed\u0161 ustanovil proto, \u017ee v\u011bd\u011bl, \u017ee se n\u00e1m ne v\u017edy a v\u0161echno povede. V\u011bd\u011bl, \u017ee ob\u010das zesl\u00e1bneme, zav\u00e1h\u00e1me, zakol\u00eds\u00e1me a snad i upadneme. A necht\u011bl, abychom v p\u00e1du a ne\u0161t\u011bst\u00ed h\u0159\u00edchu z\u016fstali le\u017eet, necht\u011bl, abychom se tr\u00e1pili a d\u011blali ostudu sob\u011b a Bohu. Proto pov\u011b\u0159il sv\u00e9 apo\u0161toly (\u010dili vyslance, d\u00e1le biskupy a kn\u011bze) odpu\u0161t\u011bn\u00edm h\u0159\u00edch\u016f, kdy\u017e jim \u0159ekl: &#8222;Komu h\u0159\u00edchy odpust\u00edte, tomu jsou odpu\u0161t\u011bny, komu neodpust\u00edte, tomu odpu\u0161t\u011bny nejsou!&#8220; Svatou zpov\u011b\u010f m\u016f\u017ee vykonat pouze pok\u0159t\u011bn\u00fd \u010dlov\u011bk, proto\u017ee ten k\u0159tem pat\u0159\u00ed pod pravomoc C\u00edrkve, pat\u0159\u00ed do rodiny Bo\u017e\u00edch d\u011bt\u00ed. Nepok\u0159t\u011bn\u00fd m\u016f\u017ee doj\u00edt odpu\u0161t\u011bn\u00ed h\u0159\u00edch\u016f k\u0159tem. Svatou zpov\u011b\u010f m\u016f\u017eete vykonat p\u0159ed ka\u017edou m\u0161\u00ed svatou, kdy je kn\u011bz asi p\u016fl hodiny p\u0159\u00edtomen ve zpov\u011bdnici \u010di ve zpov\u011bdn\u00ed kapli n\u011bkde pobl\u00ed\u017e vchodu do kostela. \u010cek\u00e1 tam jen na V\u00e1s a nijak ho neobt\u011b\u017euje V\u00e1m poslou\u017eit, je to jeho posl\u00e1n\u00ed, kter\u00e9 r\u00e1d kon\u00e1 a pakli\u017ee V\u00e1m z n\u011bjak\u00e9ho d\u016fvodu nab\u00eddnut\u00fd term\u00edn p\u0159ede m\u0161\u00ed nevyhovuje, umo\u017en\u00ed V\u00e1m se vyzpov\u00eddat a dostat odpu\u0161t\u011bn\u00ed h\u0159\u00edch\u016f i v jinou rozumnou dobu, na kter\u00e9 se dohodnete.<\/p>\n\n\n\n<p>Svat\u00e1 zpov\u011b\u010f je proces obr\u00e1cen\u00ed \u010dlov\u011bka, rozhodnut\u00ed vr\u00e1tit se zp\u011bt k Bohu a p\u0159in\u00e1\u0161\u00ed odpu\u0161t\u011bn\u00ed na\u0161ich h\u0159\u00edch\u016f. Tato sv\u00e1tost m\u00e1 5 \u010d\u00e1st\u00ed:<\/p>\n\n\n\n<p>a) zpytov\u00e1n\u00ed sv\u011bdom\u00ed: na chv\u00edli se zastav a zamysli se nad sv\u00fdm \u017eivotem od posledn\u00ed zpov\u011bdi. Zhodno\u0165 sv\u016fj \u017eivot nejl\u00e9pe podle Desatera. P\u0159itom si m\u00e1me uv\u011bdomit, \u010d\u00edm jsme Boha zarmoutili. Za\u010dni kr\u00e1tkou modlitbou a nejl\u00e9pe tak\u00e9 p\u0159e\u010dten\u00edm a kr\u00e1tk\u00fdm rozj\u00edm\u00e1n\u00edm n\u011bjak\u00e9ho vhodn\u00e9ho \u00faryvku z Bible &#8211; nap\u0159. o marnotratn\u00e9m synu a milosrdn\u00e9m otci.<\/p>\n\n\n\n<p>b) l\u00edtost: nemus\u00ed j\u00edt o n\u011bjak\u00fd citov\u00fd projev. Je to vlastn\u011b postoj v\u016fle: to, \u010d\u00edm jsem h\u0159e\u0161il, m\u011b mrz\u00ed, cht\u011bl bych to napravit (je-li to mo\u017en\u00e9) a u\u017e neh\u0159e\u0161it. Byl bych rad\u011bji, kdyby se ta v\u011bc nestala, a proto ji nechci u\u017e opakovat. Z l\u00edtosti m\u00e1 vych\u00e1zet p\u0159edsevzet\u00ed vyhnout se dal\u0161\u00edm h\u0159\u00edch\u016fm, udr\u017eovat a prohlubovat spole\u010denstv\u00ed s Bohem.<\/p>\n\n\n\n<p>c) p\u0159edsevzet\u00ed: pot\u00e9 si promysli, jak\u00fdm zp\u016fsobem se bude\u0161 h\u0159\u00ed\u0161n\u00e9mu chov\u00e1n\u00ed br\u00e1nit, jak\u00e9 m\u00e1\u0161 mo\u017enosti vykonat v\u00edce dobra kolem sebe &#8211; to je opravdov\u00e9 p\u0159edsevzet\u00ed.<\/p>\n\n\n\n<p>d) vyzn\u00e1n\u00ed: vyzn\u00e1m sv\u00e9 h\u0159\u00edchy p\u0159edev\u0161\u00edm Bohu. Kn\u011bz je zde pouze prost\u0159edn\u00edkem. Je t\u00edm, kter\u00fd zp\u0159\u00edtom\u0148uje Bo\u017e\u00ed milosrdenstv\u00ed a ve jm\u00e9nu Boha ud\u011bluje rozh\u0159e\u0161en\u00ed. V tomto bod\u011b je nejd\u016fle\u017eit\u011bj\u0161\u00ed vyzn\u00e1n\u00ed h\u0159\u00edch\u016f spojen\u00e9 s l\u00edtost\u00ed a rozh\u0159e\u0161en\u00ed, kter\u00e9 kn\u011bz ud\u011bluje na z\u00e1v\u011br zpov\u011bdi. Krom\u011b toho n\u00e1s v\u011bt\u0161inou kn\u011bz tak\u00e9 povzbud\u00ed duchovn\u00edm slovem a ud\u011bluje n\u00e1m rady, jak pokra\u010dovat d\u00e1l duchovn\u00edm \u017eivotem. Pou\u010den\u00ed m\u016f\u017ee b\u00fdt spojen\u00e9 s duchovn\u00edm veden\u00edm (v tom p\u0159\u00edpad\u011b se pou\u010den\u00ed m\u011bn\u00ed v del\u0161\u00ed rozhovor), ale to nen\u00ed podstatou ani c\u00edlem sv\u00e1tosti sm\u00ed\u0159en\u00ed.<\/p>\n\n\n\n<p>Kdy\u017e poklekne\u0161 ve zpov\u011bdnici, nejd\u0159\u00edve pozdrav kn\u011bze, pokud to on neu\u010din\u00ed jako prvn\u00ed. M\u016f\u017ee\u0161 \u0159\u00edct nap\u0159. &#8222;Pochv\u00e1len bu\u010f Je\u017e\u00ed\u0161 Kristus&#8220;, nebo &#8222;Pozdrav v\u00e1s P\u00e1n B\u016fh!&#8220;. Pak se oba p\u0159e\u017eehn\u00e1te k\u0159\u00ed\u017eem: &#8222;Ve jm\u00e9nu Otce i Syna i Ducha Svat\u00e9ho&#8220;. Pokud kn\u011bz neza\u010dne n\u011bjakou kr\u00e1tkou modlitbou, nebo \u010dten\u00edm z Bible, m\u016f\u017ee\u0161 za\u010d\u00edt mluvit. Nejd\u0159\u00edve se kr\u00e1tce a pouze obecn\u011b p\u0159edstav. Ne\u0159\u00edkej sv\u00e9 jm\u00e9no ani p\u0159\u00edjmen\u00ed. Jen \u0159ekni t\u0159eba kolik je Ti rok\u016f, jsi-li svobodn\u00fd\/-\u00e1, \u017eenat\u00fd\/ vdan\u00e1, m\u00e1\u0161-li d\u011bti apod. Pak \u0159ekne\u0161 d\u016fle\u017eitou informaci, kdy jsi byl\/-a u sv. sm\u00ed\u0159en\u00ed naposledy (pokud to nev\u00ed\u0161 p\u0159esn\u011b, sta\u010d\u00ed p\u0159ibli\u017en\u00fd \u00fadaj jsou-li to t\u00fddny, m\u011bs\u00edce \u010di roky. D\u00e1le \u0159ekni, zda jsi splnil\/-a pok\u00e1n\u00ed, kter\u00e9 ti bylo ulo\u017eeno. Pak u\u017e se m\u016f\u017ee\u0161 pustit do sv\u00e9ho vyzn\u00e1n\u00ed. Za\u010dni t\u0159eba takto: &#8222;Vyzn\u00e1v\u00e1m se p\u0159ed P\u00e1nem Bohem, \u017ee jsem se od minul\u00e9 zpov\u011bdi dopustil\/-a t\u011bchto h\u0159\u00edch\u016f&#8220; &#8211; a vyzn\u00e1v\u00e1\u0161 sv\u00e9 h\u0159\u00edchy. Pokud si s n\u011b\u010d\u00edm nev\u00ed\u0161 rady, nev\u00ed\u0161, zda se mohlo jednat o h\u0159\u00edch, \u010di nikoli, zeptej se kn\u011bze &#8211; r\u00e1d Ti odpov\u00ed. Po vyzn\u00e1n\u00ed h\u0159\u00edch\u016f \u0159ekni asi toto: &#8222;Toto jsou m\u00e9 h\u0159\u00edchy. Up\u0159\u00edmn\u011b jich lituji a s pomoc\u00ed Bo\u017e\u00ed se chci polep\u0161it. Poslouchej, co ti kn\u011bz \u0159ekne a jak\u00e9 ti ulo\u017e\u00ed pok\u00e1n\u00ed. Na jeho ot\u00e1zky up\u0159\u00edmn\u011b odpov\u011bz. Kdybys n\u011b\u010demu nerozum\u011bl\/a, nev\u00e1hej a zeptej se. Na z\u00e1v\u011br ti kn\u011bz d\u00e1v\u00e1 rozh\u0159e\u0161en\u00ed slovy: &#8222;Ud\u011bluji ti rozh\u0159e\u0161en\u00ed ve jm\u00e9nu Otce i Syna i Ducha Svat\u00e9ho.&#8220;Kdy\u017e je usly\u0161\u00ed\u0161, po\u017eehnej se znamen\u00edm k\u0159\u00ed\u017ee a odpov\u011bz: &#8222;Amen.&#8220;B\u016fh ti pr\u00e1v\u011b dal dal\u0161\u00ed novou \u0161anci zm\u011bnit sv\u016fj \u017eivot k lep\u0161\u00edmu. T\u00edm odpu\u0161t\u011bn\u00edm ti vlastn\u011b \u0159\u00edk\u00e1, \u017ee t\u011b neodsoudil, i kdy\u017e On jako jedin\u00fd to ud\u011blat mohl. \u0158\u00edk\u00e1 ti, \u017ee s Tebou po\u010d\u00edt\u00e1! Je to velk\u00e1 v\u011bc a my bychom se z toho m\u011bli radovat a tak\u00e9 to n\u00e1le\u017eit\u011b oslavit. Nezapome\u0148, ale nejd\u0159\u00edve vykonat ulo\u017een\u00e9 pok\u00e1n\u00ed.<\/p>\n\n\n\n<p>e) pok\u00e1n\u00ed: po obohacen\u00ed milosrdenstv\u00edm, kter\u00e9 pramen\u00ed ze sv\u00e1tosti sm\u00ed\u0159en\u00ed m\u00e1me posledn\u00ed &#8222;\u00fakol&#8220; &#8211; je to zadostiu\u010din\u011bn\u00ed nebo pok\u00e1n\u00ed. Nem\u016f\u017eeme zapomenout na povinnost nahradit dobr\u00fdmi skutky \u010di modlitbou (podle mo\u017enosti) zlo, kter\u00e9 jsme sp\u00e1chali. Nejde v tom p\u0159\u00edpad\u011b jen o modlitbu, kterou kn\u011bz p\u0159ipom\u00edn\u00e1 v z\u00e1v\u011bru zpov\u011bdi, ale jde o celkov\u00fd k\u0159es\u0165ansk\u00fd postoj, projevuj\u00edc\u00ed se touhou po napl\u0148ov\u00e1n\u00ed sv\u00e9ho prost\u0159ed\u00ed dobrem.<\/p>\n","protected":false},"excerpt":{"rendered":"<p>Svat\u00e1 zpov\u011b\u010f neboli sv\u00e1tost sm\u00ed\u0159en\u00ed je sv\u00e1tost, kterou P\u00e1n Je\u017e\u00ed\u0161 ustanovil proto, \u017ee v\u011bd\u011bl, \u017ee se n\u00e1m ne v\u017edy a v\u0161echno povede. V\u011bd\u011bl, \u017ee ob\u010das zesl\u00e1bneme, zav\u00e1h\u00e1me, zakol\u00eds\u00e1me a snad i upadneme. A necht\u011bl, abychom v p\u00e1du a ne\u0161t\u011bst\u00ed h\u0159\u00edchu z\u016fstali le\u017eet, necht\u011bl, abychom se tr\u00e1pili a d\u011blali ostudu sob\u011b a Bohu. Proto pov\u011b\u0159il sv\u00e9 [&hellip;]<\/p>\n","protected":false},"author":1,"featured_media":0,"parent":39,"menu_order":0,"comment_status":"closed","ping_status":"closed","template":"","meta":{"footnotes":""},"class_list":["post-132","page","type-page","status-publish","hentry"],"_links":{"self":[{"href":"https:\/\/www.farnost-spalov.cz\/index.php?rest_route=\/wp\/v2\/pages\/132","targetHints":{"allow":["GET"]}}],"collection":[{"href":"https:\/\/www.farnost-spalov.cz\/index.php?rest_route=\/wp\/v2\/pages"}],"about":[{"href":"https:\/\/www.farnost-spalov.cz\/index.php?rest_route=\/wp\/v2\/types\/page"}],"author":[{"embeddable":true,"href":"https:\/\/www.farnost-spalov.cz\/index.php?rest_route=\/wp\/v2\/users\/1"}],"replies":[{"embeddable":true,"href":"https:\/\/www.farnost-spalov.cz\/index.php?rest_route=%2Fwp%2Fv2%2Fcomments&post=132"}],"version-history":[{"count":1,"href":"https:\/\/www.farnost-spalov.cz\/index.php?rest_route=\/wp\/v2\/pages\/132\/revisions"}],"predecessor-version":[{"id":135,"href":"https:\/\/www.farnost-spalov.cz\/index.php?rest_route=\/wp\/v2\/pages\/132\/revisions\/135"}],"up":[{"embeddable":true,"href":"https:\/\/www.farnost-spalov.cz\/index.php?rest_route=\/wp\/v2\/pages\/39"}],"wp:attachment":[{"href":"https:\/\/www.farnost-spalov.cz\/index.php?rest_route=%2Fwp%2Fv2%2Fmedia&parent=132"}],"curies":[{"name":"wp","href":"https:\/\/api.w.org\/{rel}","templated":true}]}}