{"id":157,"date":"2022-03-23T11:12:34","date_gmt":"2022-03-23T11:12:34","guid":{"rendered":"https:\/\/www.farnost-spalov.cz\/?page_id=157"},"modified":"2022-03-28T14:13:28","modified_gmt":"2022-03-28T14:13:28","slug":"historie","status":"publish","type":"page","link":"https:\/\/www.farnost-spalov.cz\/?page_id=157","title":{"rendered":"HISTORIE"},"content":{"rendered":"\n<p><\/p>\n\n\n\n<div class=\"wp-block-media-text alignwide is-stacked-on-mobile\" style=\"grid-template-columns:35% auto\"><figure class=\"wp-block-media-text__media\"><img loading=\"lazy\" decoding=\"async\" width=\"590\" height=\"332\" src=\"https:\/\/www.farnost-spalov.cz\/wp-content\/uploads\/2022\/03\/lupa-historie-1.jpg\" alt=\"\" class=\"wp-image-255 size-full\" srcset=\"https:\/\/www.farnost-spalov.cz\/wp-content\/uploads\/2022\/03\/lupa-historie-1.jpg 590w, https:\/\/www.farnost-spalov.cz\/wp-content\/uploads\/2022\/03\/lupa-historie-1-300x169.jpg 300w\" sizes=\"auto, (max-width: 590px) 100vw, 590px\" \/><\/figure><div class=\"wp-block-media-text__content\">\n<p class=\"has-text-align-right has-medium-font-size\">i n\u00e1\u0161 m\u011bstys a dokonce i na\u0161e farnost maj\u00ed kus historie za sebou, tak se pod\u00edvejte;-)<br><a href=\"https:\/\/www.farnost-spalov.cz\/?page_id=243\">historie farnosti<\/a><br><a href=\"https:\/\/www.farnost-spalov.cz\/?page_id=240\">historie Sp\u00e1lova<\/a><\/p>\n<\/div><\/div>\n\n\n\n<p><\/p>\n","protected":false},"excerpt":{"rendered":"<p>i n\u00e1\u0161 m\u011bstys a dokonce i na\u0161e farnost maj\u00ed kus historie za sebou, tak se pod\u00edvejte;-)historie farnostihistorie Sp\u00e1lova<\/p>\n","protected":false},"author":1,"featured_media":0,"parent":0,"menu_order":0,"comment_status":"closed","ping_status":"closed","template":"","meta":{"footnotes":""},"class_list":["post-157","page","type-page","status-publish","hentry"],"_links":{"self":[{"href":"https:\/\/www.farnost-spalov.cz\/index.php?rest_route=\/wp\/v2\/pages\/157","targetHints":{"allow":["GET"]}}],"collection":[{"href":"https:\/\/www.farnost-spalov.cz\/index.php?rest_route=\/wp\/v2\/pages"}],"about":[{"href":"https:\/\/www.farnost-spalov.cz\/index.php?rest_route=\/wp\/v2\/types\/page"}],"author":[{"embeddable":true,"href":"https:\/\/www.farnost-spalov.cz\/index.php?rest_route=\/wp\/v2\/users\/1"}],"replies":[{"embeddable":true,"href":"https:\/\/www.farnost-spalov.cz\/index.php?rest_route=%2Fwp%2Fv2%2Fcomments&post=157"}],"version-history":[{"count":6,"href":"https:\/\/www.farnost-spalov.cz\/index.php?rest_route=\/wp\/v2\/pages\/157\/revisions"}],"predecessor-version":[{"id":258,"href":"https:\/\/www.farnost-spalov.cz\/index.php?rest_route=\/wp\/v2\/pages\/157\/revisions\/258"}],"wp:attachment":[{"href":"https:\/\/www.farnost-spalov.cz\/index.php?rest_route=%2Fwp%2Fv2%2Fmedia&parent=157"}],"curies":[{"name":"wp","href":"https:\/\/api.w.org\/{rel}","templated":true}]}}