{"id":162,"date":"2022-03-23T11:15:42","date_gmt":"2022-03-23T11:15:42","guid":{"rendered":"https:\/\/www.farnost-spalov.cz\/?page_id=162"},"modified":"2022-03-23T11:53:37","modified_gmt":"2022-03-23T11:53:37","slug":"chci-duchovni-pomoc-v-nemoci","status":"publish","type":"page","link":"https:\/\/www.farnost-spalov.cz\/?page_id=162","title":{"rendered":"chci duchovn\u00ed pomoc v nemoci"},"content":{"rendered":"\n<div class=\"wp-block-image\"><figure class=\"alignright size-full\"><img loading=\"lazy\" decoding=\"async\" width=\"300\" height=\"180\" src=\"https:\/\/www.farnost-spalov.cz\/wp-content\/uploads\/2022\/03\/pomazani-nemocnych.jpg\" alt=\"\" class=\"wp-image-166\"\/><\/figure><\/div>\n\n\n\n<p>C\u00edrkev je sv\u00fdm zakladatelem Je\u017e\u00ed\u0161em Kristem vybavena ve\u0161ker\u00fdmi n\u00e1stroji Bo\u017e\u00ed pomoci pro ka\u017edou situaci lidsk\u00e9ho \u017eivota. I pro p\u0159\u00edpad, kdy n\u00e1s postihne n\u011bjak\u00e1 v\u00e1\u017en\u00e1 nemoc, nebo jsme oslabeni pokro\u010dil\u00fdm v\u011bkem, m\u016f\u017eeme jako katoli\u010dt\u00ed k\u0159es\u0165an\u00e9 dostat sv\u00e1tost, kter\u00e1 n\u00e1s m\u00e1 pozdvihnout na du\u0161i a, jestli\u017ee je to Bo\u017e\u00ed v\u016fle, m\u016f\u017ee napomoci i k uzdraven\u00ed na t\u011ble. Tato sv\u00e1tost se jmenuje pomaz\u00e1n\u00ed nemocn\u00fdch. M\u016f\u017ee ji p\u0159ijmout ka\u017ed\u00fd pok\u0159t\u011bn\u00fd, a to t\u0159eba i opakovan\u011b. N\u011bkolikr\u00e1t do roka je tato sv\u00e1tost ud\u011blov\u00e1na ve\u0159ejn\u011b p\u0159i m\u0161i svat\u00e9 ve farn\u00edm kostele (obvykle kolem sv\u00e1tku Panny Marie Lurdsk\u00e9 11. \u00fanora a kolem sv\u00e1tku Panny Marie Bolestn\u00e9 15. z\u00e1\u0159\u00ed).<\/p>\n\n\n\n<p>V p\u0159\u00edpad\u011b pot\u0159eby je v\u0161ak mo\u017en\u00e9 tuto sv\u00e1tost p\u0159ijmout individu\u00e1ln\u011b. Bu\u010f se nemocn\u00fd s\u00e1m dostav\u00ed ke kn\u011bzi, nebo kn\u011bz p\u0159ijede za nemocn\u00fdm dom\u016f, nebo do nemocnice. Krom tohoto ud\u00edlen\u00ed sv\u00e1tosti pomaz\u00e1n\u00ed nemocn\u00fdch standardn\u011b kn\u011bz ty nemocn\u00e9, kte\u0159\u00ed projev\u00ed takov\u00e9 p\u0159\u00e1n\u00ed, pravideln\u011b nav\u0161t\u011bvuje v dohodnut\u00fdch intervalech a p\u0159in\u00e1\u0161\u00ed jim svat\u00e9 p\u0159ij\u00edm\u00e1n\u00ed, modl\u00ed se s nimi, \u017eehn\u00e1 jim anebo si s nimi jen tak pov\u00edd\u00e1. Chcete-li, aby V\u00e1s kn\u011bz v nemoci nav\u0161t\u011bvoval, nebo aby nav\u0161t\u011bvoval n\u011bkoho z Va\u0161ich nemocn\u00fdch bl\u00edzk\u00fdch, dejte kn\u011bzi o takov\u00e9m p\u0159\u00e1n\u00ed v\u011bd\u011bt.<\/p>\n\n\n\n<p>V p\u0159\u00edpad\u011b urgentn\u00ed pot\u0159eby vyu\u017eijte telefon +420 604 190 087. Nenech\u00e1vejte p\u0159ijet\u00ed sv\u00e1tosti nemocn\u00fdch na posledn\u00ed chv\u00edli, proto\u017ee ona nejenom pom\u00e1h\u00e1 p\u0159i p\u0159em\u00e1h\u00e1n\u00ed nemoci, ale tak\u00e9 odpou\u0161t\u00ed h\u0159\u00edchy a v p\u0159\u00edpad\u011b, \u017ee nemoc je tak v\u00e1\u017en\u00e1, \u017ee se d\u00e1 o\u010dek\u00e1vat konec \u017eivota na tomto sv\u011bt\u011b, pak tato sv\u00e1tost zm\u00edr\u0148uje agonii um\u00edraj\u00edc\u00edho a usmi\u0159uje s Bohem. Nenechte sv\u00e9 bl\u00edzk\u00e9 bez pomoci trp\u011bt zbyte\u010dn\u011b! Neriskujete jejich v\u011b\u010dnou sp\u00e1su a zavolejte kn\u011bze v\u010das!<\/p>\n","protected":false},"excerpt":{"rendered":"<p>C\u00edrkev je sv\u00fdm zakladatelem Je\u017e\u00ed\u0161em Kristem vybavena ve\u0161ker\u00fdmi n\u00e1stroji Bo\u017e\u00ed pomoci pro ka\u017edou situaci lidsk\u00e9ho \u017eivota. I pro p\u0159\u00edpad, kdy n\u00e1s postihne n\u011bjak\u00e1 v\u00e1\u017en\u00e1 nemoc, nebo jsme oslabeni pokro\u010dil\u00fdm v\u011bkem, m\u016f\u017eeme jako katoli\u010dt\u00ed k\u0159es\u0165an\u00e9 dostat sv\u00e1tost, kter\u00e1 n\u00e1s m\u00e1 pozdvihnout na du\u0161i a, jestli\u017ee je to Bo\u017e\u00ed v\u016fle, m\u016f\u017ee napomoci i k uzdraven\u00ed na t\u011ble. [&hellip;]<\/p>\n","protected":false},"author":1,"featured_media":0,"parent":39,"menu_order":0,"comment_status":"closed","ping_status":"closed","template":"","meta":{"footnotes":""},"class_list":["post-162","page","type-page","status-publish","hentry"],"_links":{"self":[{"href":"https:\/\/www.farnost-spalov.cz\/index.php?rest_route=\/wp\/v2\/pages\/162","targetHints":{"allow":["GET"]}}],"collection":[{"href":"https:\/\/www.farnost-spalov.cz\/index.php?rest_route=\/wp\/v2\/pages"}],"about":[{"href":"https:\/\/www.farnost-spalov.cz\/index.php?rest_route=\/wp\/v2\/types\/page"}],"author":[{"embeddable":true,"href":"https:\/\/www.farnost-spalov.cz\/index.php?rest_route=\/wp\/v2\/users\/1"}],"replies":[{"embeddable":true,"href":"https:\/\/www.farnost-spalov.cz\/index.php?rest_route=%2Fwp%2Fv2%2Fcomments&post=162"}],"version-history":[{"count":4,"href":"https:\/\/www.farnost-spalov.cz\/index.php?rest_route=\/wp\/v2\/pages\/162\/revisions"}],"predecessor-version":[{"id":168,"href":"https:\/\/www.farnost-spalov.cz\/index.php?rest_route=\/wp\/v2\/pages\/162\/revisions\/168"}],"up":[{"embeddable":true,"href":"https:\/\/www.farnost-spalov.cz\/index.php?rest_route=\/wp\/v2\/pages\/39"}],"wp:attachment":[{"href":"https:\/\/www.farnost-spalov.cz\/index.php?rest_route=%2Fwp%2Fv2%2Fmedia&parent=162"}],"curies":[{"name":"wp","href":"https:\/\/api.w.org\/{rel}","templated":true}]}}