{"id":196,"date":"2022-03-23T12:56:12","date_gmt":"2022-03-23T12:56:12","guid":{"rendered":"https:\/\/www.farnost-spalov.cz\/?page_id=196"},"modified":"2022-03-23T12:56:38","modified_gmt":"2022-03-23T12:56:38","slug":"chci-potvrzeni-o-daru","status":"publish","type":"page","link":"https:\/\/www.farnost-spalov.cz\/?page_id=196","title":{"rendered":"chci potvrzen\u00ed o daru"},"content":{"rendered":"\n<p>Dary a sb\u00edrky p\u0159edstavuj\u00ed hlavn\u00ed p\u0159\u00edjem na\u0161ich farnost\u00ed. Zat\u00edmco sb\u00edrky se konaj\u00ed v kostel\u00edch p\u0159i ka\u017ed\u00e9 ned\u011bln\u00ed bohoslu\u017eb\u011b, a n\u011bkdy i v jin\u00fd den, a dok\u00e1\u017eou pokr\u00fdt sotva re\u017eii, dary jsou poskytov\u00e1ny individu\u00e1ln\u011b. P\u0159ejete-li si vystavit potvrzen\u00ed o sv\u00e9m daru, kter\u00fd jste doru\u010dili identifikovateln\u00fdm zp\u016fsobem v hotovosti, anebo bezhotovostn\u011b, je vystaven\u00ed potvrzen\u00ed mo\u017en\u00e9. Pro tento p\u0159\u00edpad kontaktujte kn\u011bze bu\u010f p\u0159\u00edmo, telefonicky nebo emailem.<\/p>\n\n\n\n<div class=\"wp-block-image\"><figure class=\"alignright size-large is-resized\"><img loading=\"lazy\" decoding=\"async\" src=\"https:\/\/www.farnost-spalov.cz\/wp-content\/uploads\/2022\/03\/7d013c97-dane-priznani-formular-kalkulacka-penize-shutterstock_72969748-scaled-1-1024x683.jpg\" alt=\"\" class=\"wp-image-197\" width=\"332\" height=\"221\" srcset=\"https:\/\/www.farnost-spalov.cz\/wp-content\/uploads\/2022\/03\/7d013c97-dane-priznani-formular-kalkulacka-penize-shutterstock_72969748-scaled-1-1024x683.jpg 1024w, https:\/\/www.farnost-spalov.cz\/wp-content\/uploads\/2022\/03\/7d013c97-dane-priznani-formular-kalkulacka-penize-shutterstock_72969748-scaled-1-300x200.jpg 300w, https:\/\/www.farnost-spalov.cz\/wp-content\/uploads\/2022\/03\/7d013c97-dane-priznani-formular-kalkulacka-penize-shutterstock_72969748-scaled-1-768x512.jpg 768w, https:\/\/www.farnost-spalov.cz\/wp-content\/uploads\/2022\/03\/7d013c97-dane-priznani-formular-kalkulacka-penize-shutterstock_72969748-scaled-1-1536x1024.jpg 1536w, https:\/\/www.farnost-spalov.cz\/wp-content\/uploads\/2022\/03\/7d013c97-dane-priznani-formular-kalkulacka-penize-shutterstock_72969748-scaled-1-2048x1366.jpg 2048w, https:\/\/www.farnost-spalov.cz\/wp-content\/uploads\/2022\/03\/7d013c97-dane-priznani-formular-kalkulacka-penize-shutterstock_72969748-scaled-1-624x416.jpg 624w\" sizes=\"auto, (max-width: 332px) 100vw, 332px\" \/><\/figure><\/div>\n\n\n\n<p>Vystaven\u00e9 potvrzen\u00ed je pou\u017eiteln\u00e9 nap\u0159. pro da\u0148ov\u00e9 \u00fa\u010dely &#8211; ke sn\u00ed\u017een\u00ed z\u00e1kladu dan\u011b z p\u0159\u00edjm\u016f fyzick\u00fdch osob &#8211; d\u00e1rce, pokud celkov\u00e1 hodnota dar\u016f poskytnut\u00fdch v kalend\u00e1\u0159n\u00edm roce p\u0159es\u00e1hne 2% ze z\u00e1kladu dan\u011b anebo \u010din\u00ed alespo\u0148 1.000 K\u010d. Nejv\u00fd\u0161e lze takto ode\u010d\u00edst 10 % z\u00e1kladu dan\u011b z p\u0159\u00edjmu. Pokud z\u00fa\u010dtov\u00e1n\u00ed dan\u011b m\u00edsto d\u00e1rce prov\u00e1d\u00ed zam\u011bstnavatel, p\u0159ed\u00e1 zam\u011bstnanec potvrzen\u00ed o daru sv\u00e9 mzdov\u00e9 \u00fa\u010dt\u00e1rn\u011b nejpozd\u011bji do 15. \u00fanora n\u00e1sleduj\u00edc\u00edho roku, kter\u00e1 toto potvrzen\u00ed zahrne do polo\u017eek sni\u017euj\u00edc\u00edch da\u0148ov\u00fd z\u00e1klad zam\u011bstnance. Pokud d\u00e1rce pod\u00e1v\u00e1 da\u0148ov\u00e9 p\u0159izn\u00e1n\u00ed s\u00e1m, uplatn\u00ed odpo\u010det od z\u00e1kladu dan\u011b ve sv\u00e9m da\u0148ov\u00e9m p\u0159izn\u00e1n\u00ed. Pokud je d\u00e1rce pr\u00e1vnickou osobou, mus\u00ed m\u00edt dar, aby mohl b\u00fdt uplatn\u011bn odpo\u010det od z\u00e1kladu dan\u011b z p\u0159\u00edjmu pr\u00e1vnick\u00fdch osob, hodnotu alespo\u0148 2.000 K\u010d. Nejv\u00fd\u0161e lze ode\u010d\u00edst 5 % z upraven\u00e9ho z\u00e1kladu dan\u011b. Potvrzen\u00ed o p\u0159ed\u00e1n\u00ed finan\u010dn\u00edho daru m\u016f\u017ee m\u00edt formu b\u011b\u017en\u00e9ho p\u0159\u00edjmov\u00e9ho pokladn\u00edho dokladu nebo potvrzen\u00ed o p\u0159\u00edjmu daru \u010di darovac\u00ed smlouvy &#8211; podle p\u0159\u00e1n\u00ed d\u00e1rce.<\/p>\n\n\n\n<p><\/p>\n","protected":false},"excerpt":{"rendered":"<p>Dary a sb\u00edrky p\u0159edstavuj\u00ed hlavn\u00ed p\u0159\u00edjem na\u0161ich farnost\u00ed. Zat\u00edmco sb\u00edrky se konaj\u00ed v kostel\u00edch p\u0159i ka\u017ed\u00e9 ned\u011bln\u00ed bohoslu\u017eb\u011b, a n\u011bkdy i v jin\u00fd den, a dok\u00e1\u017eou pokr\u00fdt sotva re\u017eii, dary jsou poskytov\u00e1ny individu\u00e1ln\u011b. P\u0159ejete-li si vystavit potvrzen\u00ed o sv\u00e9m daru, kter\u00fd jste doru\u010dili identifikovateln\u00fdm zp\u016fsobem v hotovosti, anebo bezhotovostn\u011b, je vystaven\u00ed potvrzen\u00ed mo\u017en\u00e9. Pro tento [&hellip;]<\/p>\n","protected":false},"author":1,"featured_media":0,"parent":39,"menu_order":0,"comment_status":"closed","ping_status":"closed","template":"","meta":{"footnotes":""},"class_list":["post-196","page","type-page","status-publish","hentry"],"_links":{"self":[{"href":"https:\/\/www.farnost-spalov.cz\/index.php?rest_route=\/wp\/v2\/pages\/196","targetHints":{"allow":["GET"]}}],"collection":[{"href":"https:\/\/www.farnost-spalov.cz\/index.php?rest_route=\/wp\/v2\/pages"}],"about":[{"href":"https:\/\/www.farnost-spalov.cz\/index.php?rest_route=\/wp\/v2\/types\/page"}],"author":[{"embeddable":true,"href":"https:\/\/www.farnost-spalov.cz\/index.php?rest_route=\/wp\/v2\/users\/1"}],"replies":[{"embeddable":true,"href":"https:\/\/www.farnost-spalov.cz\/index.php?rest_route=%2Fwp%2Fv2%2Fcomments&post=196"}],"version-history":[{"count":1,"href":"https:\/\/www.farnost-spalov.cz\/index.php?rest_route=\/wp\/v2\/pages\/196\/revisions"}],"predecessor-version":[{"id":199,"href":"https:\/\/www.farnost-spalov.cz\/index.php?rest_route=\/wp\/v2\/pages\/196\/revisions\/199"}],"up":[{"embeddable":true,"href":"https:\/\/www.farnost-spalov.cz\/index.php?rest_route=\/wp\/v2\/pages\/39"}],"wp:attachment":[{"href":"https:\/\/www.farnost-spalov.cz\/index.php?rest_route=%2Fwp%2Fv2%2Fmedia&parent=196"}],"curies":[{"name":"wp","href":"https:\/\/api.w.org\/{rel}","templated":true}]}}