{"id":240,"date":"2022-03-28T08:54:21","date_gmt":"2022-03-28T08:54:21","guid":{"rendered":"https:\/\/www.farnost-spalov.cz\/?page_id=240"},"modified":"2022-03-28T13:22:12","modified_gmt":"2022-03-28T13:22:12","slug":"historie-spalova","status":"publish","type":"page","link":"https:\/\/www.farnost-spalov.cz\/?page_id=240","title":{"rendered":"historie Sp\u00e1lova"},"content":{"rendered":"\n<p>Nejstar\u0161\u00ed p\u00edsemn\u00e1 zm\u00ednka o Sp\u00e1lovu poch\u00e1z\u00ed ze zlomku not\u00e1\u0159sk\u00e9 listiny, ulo\u017een\u00e9 ve St\u00e1tn\u00ed v\u011bdeck\u00e9 knihovn\u011b v Olomouci. Vznik listiny se klade do druh\u00e9 poloviny 14. stolet\u00ed.<br>Prvn\u00ed datovan\u00e1 zpr\u00e1va poch\u00e1z\u00ed a\u017e z roku 1394, kdy ud\u011bluje moravsk\u00fd markrab\u011b Prokop privilegia m\u011bstu Pot\u0161t\u00e1tu, pod jeho\u017e panstv\u00ed Sp\u00e1lov p\u016fvodn\u011b pat\u0159il. Prvn\u00edm, jen\u017e se na listin\u00e1ch dle Pot\u0161t\u00e1tu uv\u00e1d\u00ed, je Z\u00e1vi\u0161 z Pot\u0161t\u00e1tu, kter\u00fd panstv\u00ed prodal kolem roku 1322 olomouck\u00e9mu biskupu Kondr\u00e1dovi. N\u00e1sledn\u00fdm dr\u017eitelem panstv\u00ed byl Bo\u010dek z Kun\u0161t\u00e1tu a Pod\u011bbrad. V roce 1408 prodal Bo\u010dek z Kun\u0161t\u00e1tu pot\u0161t\u00e1tsk\u00e9 panstv\u00ed zbohatl\u00e9mu zemanu Tasovi z Prusinovic. T\u00edmto p\u0159e\u0161lo panstv\u00ed na nov\u00fd moravsk\u00fd rod, kter\u00fd je dr\u017eel p\u0159es dv\u011b st\u011b let.<br>Kup pot\u0161t\u00e1tsk\u00e9ho panstv\u00ed byl pro rod z Prusinovic tak v\u00fdznamn\u00fd, \u017ee se od t\u00e9 doby po\u010dal naz\u00fdvat Podstatsk\u00fdmi z Prusinovic. Majetkov\u00fdmi zm\u011bnami vznikl samostatn\u00fd sp\u00e1lovsk\u00fd statek dr\u017een\u00fd p\u0159\u00edslu\u0161n\u00edky rodu Podstatsk\u00fdch z Prusinovic. Mladota Podstatsk\u00fd s\u00eddlil na Sp\u00e1lov\u011b v letech 1535 a\u017e 1552. Po Mladotovi p\u0159ej\u00edmaj\u00ed Sp\u00e1lovsko jeho dva synov\u00e9 \u017dib\u0159id a Divi\u0161. \u017dib\u0159id padl v poli roku 1607 a jeho t\u011blo bylo ulo\u017eeno v krypt\u011b sp\u00e1lovsk\u00e9ho kostela. Ke konci roku 1609 p\u0159evzal panstv\u00ed Bernard Podtstatsk\u00fd z Prusinovic, kter\u00fd v roce 1611 sp\u00e1lovsk\u00fd d\u00edl (Sp\u00e1lov s Lubom\u011b\u0159\u00ed) prodal Kristin\u011b z Rogendorfu a Mollenburku. Trhov\u00e1 smlouva z roku 1611, kdy je od Pot\u0161t\u00e1tu definitivn\u011b odtr\u017eeno Sp\u00e1lovsko, poprv\u00e9 uv\u00e1d\u00ed jeho majetkov\u00fd rozsah: &#8220; tvrz a ves Sp\u00e1lov s kosteln\u00edm podac\u00edm, se dvorem poplu\u017en\u00edm, s ov\u010d\u00edrnou, zahradami, se \u0161t\u011bpnicemi, loukami, pivovarem, horami, lesy, s rybn\u00edky, s mlejnem, s pilou, s \u0159ekou Odrou, s \u0159ekou pstruhovou N\u011b\u010d\u00edn&#8220;. Kristina z Rogendorfu dr\u017eela sp\u00e1lovsk\u00e9 panstv\u00ed a\u017e do sv\u00e9 smrti v \u010dervenci roku 1621.<br>V\u00fdznamn\u00fdm rodem, kter\u00fd z\u00edskal sp\u00e1lovsk\u00e9 panstv\u00ed zemsk\u00fdm dekretem z roku 1669 a odkoupen\u00edm v\u011bnn\u00fdch pohled\u00e1vek Konstancie z Landavy, byl rod Schertz\u016f. Schertzov\u00e9 byli velmi podnikav\u00ed, zavedli dolov\u00e1n\u00ed st\u0159\u00edbra, zefektivnili hospoda\u0159en\u00ed. Karel Ferdinand Schertz p\u0159estav\u011bl v roce 1695 tvrz na z\u00e1mek, po jeho smrti nebylo hospod\u00e1\u0159stv\u00ed na panstv\u00ed v dobr\u00e9m stavu. V roce 1743 p\u0159e\u0161lo panstv\u00ed na Emanuela Kajet\u00e1na Z\u00e1vi\u0161e svobodn\u00e9ho p\u00e1na z Osenic. Rod Z\u00e1vi\u0161\u016f dr\u017eel sp\u00e1lovsk\u00e9 panstv\u00ed 140 let. Za p\u016fsoben\u00ed Z\u00e1vi\u0161\u016f pro\u0161el Sp\u00e1lov velk\u00fdmi zm\u011bnami. Nejv\u00fdznamn\u011bj\u0161\u00ed zm\u011bnou bylo pov\u00fd\u0161en\u00ed obce na m\u011bstys c\u00edsa\u0159sk\u00fdm rozhodnut\u00edm ze dne 25. z\u00e1\u0159\u00ed 1828 s pr\u00e1vem dvou v\u00fdro\u010dn\u00edch trh\u016f a n\u00e1sledn\u011b doprov\u00e1zen\u00e9 rozvojem \u0159emesel (trhy se konaly na den sv. Ji\u0159\u00ed a na den sv. apo\u0161tol\u016f \u0160imona a Judy).<br>V roce 1874 byla postavena nov\u00e1 \u0161kola, kter\u00e1 vedla ke zv\u00fd\u0161en\u00ed \u00farovn\u011b \u0161koln\u00edho vzd\u011bl\u00e1n\u00ed sp\u00e1lovsk\u00fdch d\u011bt\u00ed. Posledn\u00edm majitelem Sp\u00e1lova z rodu Z\u00e1vi\u0161\u016f byl baron Mo\u0159ic Z\u00e1vi\u0161 z Osenic, ten v\u0161ak z d\u016fvodu finan\u010dn\u00edch nesn\u00e1z\u00ed prodal velkostatek hrab\u011bti Dubsk\u00e9mu, kter\u00fd jej koupil jako v\u011bno pro dceru Marii Giselu, provdanou za Filipa hrab\u011bte Kinsk\u00e9ho. (Svatba se konala v roce 1884 ve sp\u00e1lovsk\u00e9m kostele). Ten v\u0161ak po dvou letech prodal statek Viktoru ryt\u00ed\u0159i Bauerovi. Bauerov\u00e9 dr\u017eeli sp\u00e1lovsk\u00fd statek do roku 1945, kdy jeho posledn\u00edmu vlastn\u00edku Dr. Moritzi Bauerovi &#8211; Chlumeck\u00e9mu byl tento majetek zkonfiskov\u00e1n.<\/p>\n\n\n\n<div class=\"wp-block-image\"><figure class=\"aligncenter size-full\"><img loading=\"lazy\" decoding=\"async\" width=\"939\" height=\"202\" src=\"https:\/\/www.farnost-spalov.cz\/wp-content\/uploads\/2022\/03\/image.png\" alt=\"\" class=\"wp-image-247\" srcset=\"https:\/\/www.farnost-spalov.cz\/wp-content\/uploads\/2022\/03\/image.png 939w, https:\/\/www.farnost-spalov.cz\/wp-content\/uploads\/2022\/03\/image-300x65.png 300w, https:\/\/www.farnost-spalov.cz\/wp-content\/uploads\/2022\/03\/image-768x165.png 768w, https:\/\/www.farnost-spalov.cz\/wp-content\/uploads\/2022\/03\/image-624x134.png 624w\" sizes=\"auto, (max-width: 939px) 100vw, 939px\" \/><\/figure><\/div>\n","protected":false},"excerpt":{"rendered":"<p>Nejstar\u0161\u00ed p\u00edsemn\u00e1 zm\u00ednka o Sp\u00e1lovu poch\u00e1z\u00ed ze zlomku not\u00e1\u0159sk\u00e9 listiny, ulo\u017een\u00e9 ve St\u00e1tn\u00ed v\u011bdeck\u00e9 knihovn\u011b v Olomouci. Vznik listiny se klade do druh\u00e9 poloviny 14. stolet\u00ed.Prvn\u00ed datovan\u00e1 zpr\u00e1va poch\u00e1z\u00ed a\u017e z roku 1394, kdy ud\u011bluje moravsk\u00fd markrab\u011b Prokop privilegia m\u011bstu Pot\u0161t\u00e1tu, pod jeho\u017e panstv\u00ed Sp\u00e1lov p\u016fvodn\u011b pat\u0159il. Prvn\u00edm, jen\u017e se na listin\u00e1ch dle Pot\u0161t\u00e1tu uv\u00e1d\u00ed, [&hellip;]<\/p>\n","protected":false},"author":1,"featured_media":0,"parent":157,"menu_order":0,"comment_status":"closed","ping_status":"closed","template":"","meta":{"footnotes":""},"class_list":["post-240","page","type-page","status-publish","hentry"],"_links":{"self":[{"href":"https:\/\/www.farnost-spalov.cz\/index.php?rest_route=\/wp\/v2\/pages\/240","targetHints":{"allow":["GET"]}}],"collection":[{"href":"https:\/\/www.farnost-spalov.cz\/index.php?rest_route=\/wp\/v2\/pages"}],"about":[{"href":"https:\/\/www.farnost-spalov.cz\/index.php?rest_route=\/wp\/v2\/types\/page"}],"author":[{"embeddable":true,"href":"https:\/\/www.farnost-spalov.cz\/index.php?rest_route=\/wp\/v2\/users\/1"}],"replies":[{"embeddable":true,"href":"https:\/\/www.farnost-spalov.cz\/index.php?rest_route=%2Fwp%2Fv2%2Fcomments&post=240"}],"version-history":[{"count":2,"href":"https:\/\/www.farnost-spalov.cz\/index.php?rest_route=\/wp\/v2\/pages\/240\/revisions"}],"predecessor-version":[{"id":248,"href":"https:\/\/www.farnost-spalov.cz\/index.php?rest_route=\/wp\/v2\/pages\/240\/revisions\/248"}],"up":[{"embeddable":true,"href":"https:\/\/www.farnost-spalov.cz\/index.php?rest_route=\/wp\/v2\/pages\/157"}],"wp:attachment":[{"href":"https:\/\/www.farnost-spalov.cz\/index.php?rest_route=%2Fwp%2Fv2%2Fmedia&parent=240"}],"curies":[{"name":"wp","href":"https:\/\/api.w.org\/{rel}","templated":true}]}}