{"id":243,"date":"2022-03-28T09:02:21","date_gmt":"2022-03-28T09:02:21","guid":{"rendered":"https:\/\/www.farnost-spalov.cz\/?page_id=243"},"modified":"2022-03-29T06:40:52","modified_gmt":"2022-03-29T06:40:52","slug":"historie-farnosti","status":"publish","type":"page","link":"https:\/\/www.farnost-spalov.cz\/?page_id=243","title":{"rendered":"historie farnosti"},"content":{"rendered":"\n<p>Farnost ve Sp\u00e1lov\u011b je poprv\u00e9 p\u0159ipom\u00edn\u00e1na roku 1408, n\u00e1sledn\u011b v\u0161ak o n\u00ed chyb\u011bj\u00ed zpr\u00e1vy. Za reformace byla evangelick\u00e1 a v letech 1598 a\u017e 1624 jsou zde dolo\u017eeni evangeli\u010dt\u00ed kazatel\u00e9, po roce 1624 v\u0161ak podlehla protireformaci a po kr\u00e1tkodob\u00e9 administraci z farnosti Pot\u0161t\u00e1t (1624-1631) a farnosti Odry (1631-1634) byla od roku 1634 znovu obsazena \u0159\u00edmskokatolick\u00fdmi kn\u011b\u017e\u00edmi.<br>Patron\u00e1t farnosti pat\u0159il ji\u017e od st\u0159edov\u011bku trvale vrchnosti, tj. majitel\u016fm panstv\u00ed Pot\u0161t\u00e1t resp. statku Sp\u00e1lov. V roce 1859 \u017eilo ve farnosti 2668 \u0159\u00edmsk\u00fdch katol\u00edk\u016f (vedle p\u011bti \u017eid\u016f). V roce 1930 \u017eilo ve farnosti 1907 obyvatel, z \u010deho\u017e 1876 (98 %) se p\u0159ihl\u00e1silo k \u0159\u00edmskokatolick\u00e9mu vyzn\u00e1n\u00ed.<br>Obvod farnosti tvo\u0159\u00ed z\u0159ejm\u011b ji\u017e od st\u0159edov\u011bku, a nejpozd\u011bji od znovuz\u0159\u00edzen\u00ed katolick\u00e9 farnosti roku 1634, dosud m\u011bstys Sp\u00e1lov a vesnice Lubom\u011b\u0159 s osadou Helt\u00ednov. N\u011bkdy uv\u00e1d\u011bn\u00e1 zm\u00ednka o farnosti v Lubom\u011b\u0159i k roku 1408 se t\u00fdk\u00e1 z\u0159ejm\u011b Lubom\u011b\u0159e pod Str\u00e1\u017enou.<br>Farnost Sp\u00e1lov pat\u0159ila v 17. stolet\u00ed k d\u011bkan\u00e1tu Lipn\u00edk nad Be\u010dvou, od roku 1731 do roku 1962 k d\u011bkan\u00e1tu Odry, od reorganizace c\u00edrkevn\u00ed spr\u00e1vy k 1. lednu 1963 pat\u0159\u00ed k d\u011bkan\u00e1tu B\u00edlovec. Do roku 1996 byla sou\u010d\u00e1st\u00ed arcidiec\u00e9ze olomouck\u00e9, od uveden\u00e9ho roku pak nov\u011b vytvo\u0159en\u00e9 diec\u00e9ze ostravsko-opavsk\u00e9.<br>Farn\u00edm kostelem je kostel svat\u00e9ho Jakuba V\u011bt\u0161\u00edho (Star\u0161\u00edho). Jedn\u00e1 se o renesan\u010dn\u00ed kostel z konce 16. stolet\u00ed, v\u011b\u017e a vnit\u0159n\u00ed vybaven\u00ed jsou barokn\u00ed z konce 18. stolet\u00ed. Vedle toho se na \u00fazem\u00ed Sp\u00e1lova nach\u00e1z\u00ed poutn\u00ed m\u00edsto Panny Marie ve Sk\u00e1le (Maria-Stein). Kdysi se konaly bohoslu\u017eby t\u00e9\u017e v z\u00e1meck\u00e9 kapli.<br>Vedle farn\u00edho kostela se bohoslu\u017eby konaj\u00ed rovn\u011b\u017e ve fili\u00e1ln\u00edm kostele svat\u00e9ho Vav\u0159ince v Lubom\u011b\u0159i, co\u017e je pozdn\u011b barokn\u00ed stavba z roku 1777, a v Helt\u00ednov\u011b v kapli Nejsv\u011bt\u011bj\u0161\u00ed Trojice z roku 1800.<\/p>\n\n\n\n<div class=\"wp-block-media-text alignwide has-media-on-the-right is-stacked-on-mobile\" style=\"grid-template-columns:auto 15%\"><figure class=\"wp-block-media-text__media\"><img loading=\"lazy\" decoding=\"async\" width=\"471\" height=\"634\" src=\"https:\/\/www.farnost-spalov.cz\/wp-content\/uploads\/2022\/03\/HLOUCH_III-1.jpg\" alt=\"\" class=\"wp-image-251 size-full\" srcset=\"https:\/\/www.farnost-spalov.cz\/wp-content\/uploads\/2022\/03\/HLOUCH_III-1.jpg 471w, https:\/\/www.farnost-spalov.cz\/wp-content\/uploads\/2022\/03\/HLOUCH_III-1-223x300.jpg 223w\" sizes=\"auto, (max-width: 471px) 100vw, 471px\" \/><\/figure><div class=\"wp-block-media-text__content\">\n<p><strong>Mons. prof. ThDr. Josef Hlouch je z na\u0161eho kraje:<\/strong><br><a href=\"https:\/\/cs.m.wikipedia.org\/wiki\/Josef_Hlouch\">https:\/\/cs.m.wikipedia.org\/wiki\/Josef_Hlouch<\/a><\/p>\n<\/div><\/div>\n\n\n\n<p class=\"has-text-align-left\"><strong>ve sp\u00e1lovsk\u00e9 farnosti p\u016fsobili:<\/strong><br>P. Mgr. Kamil V\u00edcha<br>P. Mgr. Pavel Kucha\u0159<br>P. Mgr. Mari\u00e1n Posp\u011bcha<br>P. ThLic. Marek Koz\u00e1k<br>P. Mgr. Zdenko Vavro<br>P. Bohumil V\u00edcha<br>a st\u00e1le p\u016fsob\u00ed <strong>P. Mgr. Janusz Karol Roma\u0144ski<\/strong><br><\/p>\n","protected":false},"excerpt":{"rendered":"<p>Farnost ve Sp\u00e1lov\u011b je poprv\u00e9 p\u0159ipom\u00edn\u00e1na roku 1408, n\u00e1sledn\u011b v\u0161ak o n\u00ed chyb\u011bj\u00ed zpr\u00e1vy. Za reformace byla evangelick\u00e1 a v letech 1598 a\u017e 1624 jsou zde dolo\u017eeni evangeli\u010dt\u00ed kazatel\u00e9, po roce 1624 v\u0161ak podlehla protireformaci a po kr\u00e1tkodob\u00e9 administraci z farnosti Pot\u0161t\u00e1t (1624-1631) a farnosti Odry (1631-1634) byla od roku 1634 znovu obsazena \u0159\u00edmskokatolick\u00fdmi kn\u011b\u017e\u00edmi.Patron\u00e1t [&hellip;]<\/p>\n","protected":false},"author":1,"featured_media":0,"parent":157,"menu_order":0,"comment_status":"closed","ping_status":"closed","template":"","meta":{"footnotes":""},"class_list":["post-243","page","type-page","status-publish","hentry"],"_links":{"self":[{"href":"https:\/\/www.farnost-spalov.cz\/index.php?rest_route=\/wp\/v2\/pages\/243","targetHints":{"allow":["GET"]}}],"collection":[{"href":"https:\/\/www.farnost-spalov.cz\/index.php?rest_route=\/wp\/v2\/pages"}],"about":[{"href":"https:\/\/www.farnost-spalov.cz\/index.php?rest_route=\/wp\/v2\/types\/page"}],"author":[{"embeddable":true,"href":"https:\/\/www.farnost-spalov.cz\/index.php?rest_route=\/wp\/v2\/users\/1"}],"replies":[{"embeddable":true,"href":"https:\/\/www.farnost-spalov.cz\/index.php?rest_route=%2Fwp%2Fv2%2Fcomments&post=243"}],"version-history":[{"count":6,"href":"https:\/\/www.farnost-spalov.cz\/index.php?rest_route=\/wp\/v2\/pages\/243\/revisions"}],"predecessor-version":[{"id":263,"href":"https:\/\/www.farnost-spalov.cz\/index.php?rest_route=\/wp\/v2\/pages\/243\/revisions\/263"}],"up":[{"embeddable":true,"href":"https:\/\/www.farnost-spalov.cz\/index.php?rest_route=\/wp\/v2\/pages\/157"}],"wp:attachment":[{"href":"https:\/\/www.farnost-spalov.cz\/index.php?rest_route=%2Fwp%2Fv2%2Fmedia&parent=243"}],"curies":[{"name":"wp","href":"https:\/\/api.w.org\/{rel}","templated":true}]}}