{"id":39,"date":"2022-03-22T21:01:12","date_gmt":"2022-03-22T21:01:12","guid":{"rendered":"https:\/\/www.farnost-spalov.cz\/?page_id=39"},"modified":"2022-03-23T10:27:18","modified_gmt":"2022-03-23T10:27:18","slug":"co-delat-kdyz","status":"publish","type":"page","link":"https:\/\/www.farnost-spalov.cz\/?page_id=39","title":{"rendered":"CO D\u011aLAT KDY\u017d&#8230;"},"content":{"rendered":"\n<p>Nebojte se a nesty\u010fte se, kdy\u017e n\u011bco pot\u0159ebujete, nebo si nejste jist\u00ed.<\/p>\n\n\n\n<p><strong>JSEM TU PRO V\u00c1S<\/strong>, tak mi klidn\u011b napi\u0161te, zavolejte mi a nebo p\u0159ij\u010fte, <br>proto\u017ee dv\u011b\u0159e fary jsou otev\u0159en\u00e9 pro v\u00e1s, V\u0160ECHNY<\/p>\n\n\n\n<div class=\"wp-block-image\"><figure class=\"alignright size-full\"><img loading=\"lazy\" decoding=\"async\" width=\"275\" height=\"184\" src=\"https:\/\/www.farnost-spalov.cz\/wp-content\/uploads\/2022\/03\/images.jpg\" alt=\"\" class=\"wp-image-95\"\/><\/figure><\/div>\n","protected":false},"excerpt":{"rendered":"<p>Nebojte se a nesty\u010fte se, kdy\u017e n\u011bco pot\u0159ebujete, nebo si nejste jist\u00ed. JSEM TU PRO V\u00c1S, tak mi klidn\u011b napi\u0161te, zavolejte mi a nebo p\u0159ij\u010fte, proto\u017ee dv\u011b\u0159e fary jsou otev\u0159en\u00e9 pro v\u00e1s, V\u0160ECHNY<\/p>\n","protected":false},"author":1,"featured_media":0,"parent":0,"menu_order":0,"comment_status":"closed","ping_status":"closed","template":"","meta":{"footnotes":""},"class_list":["post-39","page","type-page","status-publish","hentry"],"_links":{"self":[{"href":"https:\/\/www.farnost-spalov.cz\/index.php?rest_route=\/wp\/v2\/pages\/39","targetHints":{"allow":["GET"]}}],"collection":[{"href":"https:\/\/www.farnost-spalov.cz\/index.php?rest_route=\/wp\/v2\/pages"}],"about":[{"href":"https:\/\/www.farnost-spalov.cz\/index.php?rest_route=\/wp\/v2\/types\/page"}],"author":[{"embeddable":true,"href":"https:\/\/www.farnost-spalov.cz\/index.php?rest_route=\/wp\/v2\/users\/1"}],"replies":[{"embeddable":true,"href":"https:\/\/www.farnost-spalov.cz\/index.php?rest_route=%2Fwp%2Fv2%2Fcomments&post=39"}],"version-history":[{"count":4,"href":"https:\/\/www.farnost-spalov.cz\/index.php?rest_route=\/wp\/v2\/pages\/39\/revisions"}],"predecessor-version":[{"id":114,"href":"https:\/\/www.farnost-spalov.cz\/index.php?rest_route=\/wp\/v2\/pages\/39\/revisions\/114"}],"wp:attachment":[{"href":"https:\/\/www.farnost-spalov.cz\/index.php?rest_route=%2Fwp%2Fv2%2Fmedia&parent=39"}],"curies":[{"name":"wp","href":"https:\/\/api.w.org\/{rel}","templated":true}]}}