{"id":42,"date":"2022-03-22T21:03:59","date_gmt":"2022-03-22T21:03:59","guid":{"rendered":"https:\/\/www.farnost-spalov.cz\/?page_id=42"},"modified":"2022-03-23T10:23:10","modified_gmt":"2022-03-23T10:23:10","slug":"chci-pokrtit-dite","status":"publish","type":"page","link":"https:\/\/www.farnost-spalov.cz\/?page_id=42","title":{"rendered":"chci pok\u0159t\u00edt d\u00edt\u011b"},"content":{"rendered":"\n<p>K\u0159tem n\u00e1s B\u016fh p\u0159ij\u00edm\u00e1 za sv\u00e9 d\u011bti, st\u00e1v\u00e1me se \u010dleny Kristovy c\u00edrkve se v\u0161emi pr\u00e1vy                     a povinnostmi, k\u0159est p\u016fsob\u00ed odpu\u0161t\u011bn\u00ed v\u0161ech h\u0159\u00edch\u016f a vybavuje n\u00e1s pro nov\u00fd \u017eivot Bo\u017e\u00edmi milostmi a dary. K\u0159est m\u00e1 v\u011b\u010dnou platnost, proto je neopakovateln\u00fd                                    a nezru\u0161iteln\u00fd. <br>K\u0159tem je do na\u0161\u00ed du\u0161e vti\u0161t\u011bna nesmazateln\u00e1 pe\u010de\u0165 zna\u010d\u00edc\u00ed, \u017ee pat\u0159\u00edme Kristu na v\u011bky.<\/p>\n\n\n\n<p>O k\u0159est d\u00edt\u011bte se \u017e\u00e1d\u00e1 v\u017edy v m\u00edst\u011b trval\u00e9ho bydli\u0161t\u011b rodi\u010d\u016f. K tomu, aby bylo d\u00edt\u011b pok\u0159t\u011bno je nutn\u00e9 se setkat s m\u00edstn\u00edm kn\u011bzem a podrobn\u00e9 podm\u00ednky k\u0159tu s n\u00edm domluvit. P\u0159i takov\u00e9m prvn\u00edm setk\u00e1n\u00ed se obvykle po vz\u00e1jemn\u00e9 dohod\u011b stanov\u00ed prvn\u00ed term\u00edn, kdy bude kn\u011bz k dispozici jenom V\u00e1m, Va\u0161im ot\u00e1zk\u00e1m a objasn\u011bn\u00edm. Takov\u00fdch setk\u00e1n\u00ed, kdy se nejprve provede p\u0159edb\u011b\u017en\u00fd z\u00e1pis pro matriku, a pak vede rozhovor s pou\u010den\u00edm o \u00fa\u010dinc\u00edch k\u0159tu a o tom, jak bude prob\u00edhat ob\u0159ad, m\u016f\u017ee b\u00fdt n\u011bkolik, podle toho, jak jsou rodi\u010de d\u00edt\u011bte u\u017e pou\u010deni, nebo se s v\u011bc\u00ed k\u0159tu pot\u0159ebuj\u00ed sezn\u00e1mit v\u00edce. Pak se obvykle stanov\u00ed term\u00edn k\u0159tu a v tomto term\u00ednu (obvykle se jedn\u00e1 o sobotn\u00ed dopoledne, ale je mo\u017en\u00e1 domluva i na jin\u00fdch \u010dasech) se k\u0159est ud\u011bl\u00ed.<br>Ke k\u0159tu d\u00edt\u011bte je t\u0159eba, aby:<\/p>\n\n\n\n<p>a) rodi\u010de kontaktovali far\u00e1\u0159e a dohodli se s n\u00edm na term\u00ednech dal\u0161\u00edho jedn\u00e1n\u00ed a term\u00ednu samotn\u00e9ho k\u0159tu,<br>b) rodi\u010de (alespo\u0148 jeden z rodi\u010d\u016f) byli v\u011b\u0159\u00edc\u00ed,<br>c) m\u011bli rodi\u010de pevn\u00fd \u00famysl sv\u00e9 d\u00edt\u011b vychov\u00e1vat jako katolick\u00e9ho k\u0159es\u0165ana i s t\u00edm, \u017ee a\u017e d\u00edt\u011b dosp\u011bje do \u0161koln\u00edho v\u011bku, zajist\u00ed mu n\u00e1bo\u017eenskou v\u00fdchovu pravidelnou v\u00fdukou n\u00e1bo\u017eenstv\u00ed,<br>d) kmotr\/ kmotra, kter\u00fd\/-\u00e1 bude pro d\u00edt\u011b vybr\u00e1n\/-a byl\/-a katolick\u00e9ho vyzn\u00e1n\u00ed s pravideln\u00fdm a \u0159\u00e1dn\u00fdm n\u00e1bo\u017eensk\u00fdm \u017eivotem podle po\u017eadavk\u016f C\u00edrkve,<br>e) dokumenty: 1. rodn\u00fd list d\u00edt\u011bte, 2. oddac\u00ed list rodi\u010d\u016f, 3. p\u0159\u00edpadn\u011b k\u0159estn\u00ed list kmotra\/ kmotry, jestli\u017ee kmotr\/-a nen\u00ed kn\u011bzi osobn\u011b zn\u00e1m\/-a,<br>f) p\u0159edm\u011bty: kdy\u017e u\u017e je stanoven term\u00edn k\u0159tu, je t\u0159eba obstarat 1. k\u0159estn\u00ed sv\u00ed\u010dku, co\u017e je v\u011bt\u0161inou dlouh\u00e1 tenk\u00e1 r\u016fzn\u011b zdoben\u00e1 sv\u00edce, 2. k\u0159estn\u00ed rou\u0161ku, co\u017e je textiln\u00ed pokr\u00fdvka r\u016fzn\u011b zdoben\u00e1 p\u0159evl\u00e1daj\u00edc\u00ed b\u00edl\u00e9 barvy, kterou lze, stejn\u011b jako k\u0159estn\u00ed sv\u00edci koupit v prodejn\u00e1ch devocion\u00e1li\u00ed \u010dili n\u00e1bo\u017eensk\u00fdch pot\u0159eb.<\/p>\n\n\n\n<figure class=\"wp-block-image size-large\"><img loading=\"lazy\" decoding=\"async\" width=\"1024\" height=\"511\" src=\"https:\/\/www.farnost-spalov.cz\/wp-content\/uploads\/2022\/03\/baptism-2437529_1920-2-1024x511.jpg\" alt=\"\" class=\"wp-image-105\" srcset=\"https:\/\/www.farnost-spalov.cz\/wp-content\/uploads\/2022\/03\/baptism-2437529_1920-2-1024x511.jpg 1024w, https:\/\/www.farnost-spalov.cz\/wp-content\/uploads\/2022\/03\/baptism-2437529_1920-2-300x150.jpg 300w, https:\/\/www.farnost-spalov.cz\/wp-content\/uploads\/2022\/03\/baptism-2437529_1920-2-768x383.jpg 768w, https:\/\/www.farnost-spalov.cz\/wp-content\/uploads\/2022\/03\/baptism-2437529_1920-2-1536x766.jpg 1536w, https:\/\/www.farnost-spalov.cz\/wp-content\/uploads\/2022\/03\/baptism-2437529_1920-2-624x311.jpg 624w, https:\/\/www.farnost-spalov.cz\/wp-content\/uploads\/2022\/03\/baptism-2437529_1920-2.jpg 1920w\" sizes=\"auto, (max-width: 1024px) 100vw, 1024px\" \/><\/figure>\n","protected":false},"excerpt":{"rendered":"<p>K\u0159tem n\u00e1s B\u016fh p\u0159ij\u00edm\u00e1 za sv\u00e9 d\u011bti, st\u00e1v\u00e1me se \u010dleny Kristovy c\u00edrkve se v\u0161emi pr\u00e1vy a povinnostmi, k\u0159est p\u016fsob\u00ed odpu\u0161t\u011bn\u00ed v\u0161ech h\u0159\u00edch\u016f a vybavuje n\u00e1s pro nov\u00fd \u017eivot Bo\u017e\u00edmi milostmi a dary. K\u0159est m\u00e1 v\u011b\u010dnou platnost, proto je neopakovateln\u00fd a nezru\u0161iteln\u00fd. K\u0159tem je do na\u0161\u00ed du\u0161e vti\u0161t\u011bna nesmazateln\u00e1 pe\u010de\u0165 zna\u010d\u00edc\u00ed, \u017ee pat\u0159\u00edme Kristu na v\u011bky. [&hellip;]<\/p>\n","protected":false},"author":1,"featured_media":0,"parent":39,"menu_order":0,"comment_status":"closed","ping_status":"closed","template":"","meta":{"footnotes":""},"class_list":["post-42","page","type-page","status-publish","hentry"],"_links":{"self":[{"href":"https:\/\/www.farnost-spalov.cz\/index.php?rest_route=\/wp\/v2\/pages\/42","targetHints":{"allow":["GET"]}}],"collection":[{"href":"https:\/\/www.farnost-spalov.cz\/index.php?rest_route=\/wp\/v2\/pages"}],"about":[{"href":"https:\/\/www.farnost-spalov.cz\/index.php?rest_route=\/wp\/v2\/types\/page"}],"author":[{"embeddable":true,"href":"https:\/\/www.farnost-spalov.cz\/index.php?rest_route=\/wp\/v2\/users\/1"}],"replies":[{"embeddable":true,"href":"https:\/\/www.farnost-spalov.cz\/index.php?rest_route=%2Fwp%2Fv2%2Fcomments&post=42"}],"version-history":[{"count":5,"href":"https:\/\/www.farnost-spalov.cz\/index.php?rest_route=\/wp\/v2\/pages\/42\/revisions"}],"predecessor-version":[{"id":206,"href":"https:\/\/www.farnost-spalov.cz\/index.php?rest_route=\/wp\/v2\/pages\/42\/revisions\/206"}],"up":[{"embeddable":true,"href":"https:\/\/www.farnost-spalov.cz\/index.php?rest_route=\/wp\/v2\/pages\/39"}],"wp:attachment":[{"href":"https:\/\/www.farnost-spalov.cz\/index.php?rest_route=%2Fwp%2Fv2%2Fmedia&parent=42"}],"curies":[{"name":"wp","href":"https:\/\/api.w.org\/{rel}","templated":true}]}}