{"id":45,"date":"2022-03-22T21:09:33","date_gmt":"2022-03-22T21:09:33","guid":{"rendered":"https:\/\/www.farnost-spalov.cz\/?page_id=45"},"modified":"2022-03-25T09:59:00","modified_gmt":"2022-03-25T09:59:00","slug":"chci-se-dat-pokrtit","status":"publish","type":"page","link":"https:\/\/www.farnost-spalov.cz\/?page_id=45","title":{"rendered":"chci se d\u00e1t pok\u0159t\u00edt"},"content":{"rendered":"\n<p>K\u0159est dosp\u011bl\u00e9ho, stejn\u011b jako k\u0159est d\u00edt\u011bte, p\u016fsob\u00ed v du\u0161i \u010dlov\u011bka velk\u00e9 zm\u011bny. B\u016fh n\u00e1s p\u0159ij\u00edm\u00e1 za sv\u00e9 d\u00edt\u011b, za\u010dle\u0148uje n\u00e1s do rodiny sv\u00fdch d\u011bt\u00ed &#8211; do sv\u00e9 C\u00edrkve, odpou\u0161t\u00ed n\u00e1m v\u0161echny h\u0159\u00edchy, do nov\u00e9ho \u017eivota n\u00e1s vybavuje sv\u00fdmi dary, pomoc\u00ed nich\u017e m\u016f\u017eeme pak dost\u00e1t povinnostem, kter\u00e9 jako jeho d\u011bti tak\u00e9 m\u00e1me, nesmazateln\u00e9 znamen\u00ed Kristovy pe\u010deti n\u00e1s Bohu zasv\u011bt\u00ed nav\u017edy. Kdy\u017e se k\u0159t\u00ed d\u00edt\u011b, tak rozhodnut\u00ed za tento krok na sebe berou rodi\u010de a kmotr, ale kdy\u017e je k\u0159t\u011bn dosp\u011bl\u00fd, nebo dosp\u00edvaj\u00edc\u00ed \u010dlov\u011bk, tak ten je ji\u017e s\u00e1m schopen n\u00e9st odpov\u011bdnost za sv\u016fj \u017eivot. Proto je p\u0159\u00edprava dosp\u011bl\u00e9ho mnohem d\u016fkladn\u011bj\u0161\u00ed.<\/p>\n\n\n\n<div class=\"wp-block-image\"><figure class=\"alignright size-large is-resized\"><img loading=\"lazy\" decoding=\"async\" src=\"https:\/\/www.farnost-spalov.cz\/wp-content\/uploads\/2022\/03\/ae58e3ff82837a0c56b195b91169a68f-1024x683.jpg\" alt=\"\" class=\"wp-image-208\" width=\"386\" height=\"257\" srcset=\"https:\/\/www.farnost-spalov.cz\/wp-content\/uploads\/2022\/03\/ae58e3ff82837a0c56b195b91169a68f-1024x683.jpg 1024w, https:\/\/www.farnost-spalov.cz\/wp-content\/uploads\/2022\/03\/ae58e3ff82837a0c56b195b91169a68f-300x200.jpg 300w, https:\/\/www.farnost-spalov.cz\/wp-content\/uploads\/2022\/03\/ae58e3ff82837a0c56b195b91169a68f-768x512.jpg 768w, https:\/\/www.farnost-spalov.cz\/wp-content\/uploads\/2022\/03\/ae58e3ff82837a0c56b195b91169a68f-1536x1025.jpg 1536w, https:\/\/www.farnost-spalov.cz\/wp-content\/uploads\/2022\/03\/ae58e3ff82837a0c56b195b91169a68f-2048x1367.jpg 2048w, https:\/\/www.farnost-spalov.cz\/wp-content\/uploads\/2022\/03\/ae58e3ff82837a0c56b195b91169a68f-624x416.jpg 624w\" sizes=\"auto, (max-width: 386px) 100vw, 386px\" \/><\/figure><\/div>\n\n\n\n<p>Dosp\u011bl\u00fd \u010dlov\u011bk, na rozd\u00edl od d\u00edt\u011bte, kter\u00e9 nem\u00e1 je\u0161t\u011b pln\u00e9 u\u017e\u00edv\u00e1n\u00ed rozumu, m\u00e1 povinnost a pr\u00e1vo se p\u0159ed ka\u017ed\u00fdm krokem, kter\u00fd znamen\u00e1 v\u00fdznamnou zm\u011bnu v jeho \u017eivot\u011b, pou\u010dit. Kdy\u017e se chce d\u00e1t pok\u0159t\u00edt, mus\u00ed v\u011bd\u011bt, jak\u00e9 v\u00fdhody mu takov\u00fd krok p\u0159inese pro \u017eivot sou\u010dasn\u00fd i v\u011b\u010dn\u00fd, ale mus\u00ed b\u00fdt tak\u00e9 srozum\u011bn se z\u00e1vazky, kter\u00e9 jsou s t\u011bmi v\u00fdhodami spojeny . Tak je to fair. Proto trv\u00e1 p\u0159\u00edprava dosp\u011bl\u00fdch zhruba asi tak jeden rok. B\u011bhem t\u00e9 doby prob\u00edhaj\u00ed v \u010dasov\u00fdch intervalech, kter\u00e9 si kandid\u00e1t k\u0159tu s kn\u011bzem dohodne, rozhovory, kter\u00e9 maj\u00ed \u017eadatele pou\u010dit o tom, co ho \u010dek\u00e1. Mezi t\u00edm takov\u00fd \u010dekatel k\u0159tu nav\u0161t\u011bvuje alespo\u0148 ned\u011bln\u00ed bohoslu\u017eby, naslouch\u00e1 \u010detb\u00e1m a v\u00fdklad\u016fm Bible a modl\u00ed se. K\u0159est dosp\u011bl\u00fdch se obvykle ud\u011bluje ve\u0159ejn\u011b o Velikonoc\u00edch p\u0159i no\u010dn\u00ed bohoslu\u017eb\u011b na B\u00edlou sobotu, a je to pro k\u0159t\u011bnce, pro k\u0159t\u00edc\u00edho kn\u011bze i pro celou c\u00edrkevn\u00ed obec v\u017edy kr\u00e1sn\u00fd a mystick\u00fd z\u00e1\u017eitek.<\/p>\n\n\n\n<p>Ke k\u0159tu dosp\u011bl\u00e9ho je t\u0159eba, aby z\u00e1jemce o k\u0159est kontaktovat m\u00edstn\u00edho kn\u011bze a dohodnout se s n\u00edm na dal\u0161\u00edm postupu.<\/p>\n","protected":false},"excerpt":{"rendered":"<p>K\u0159est dosp\u011bl\u00e9ho, stejn\u011b jako k\u0159est d\u00edt\u011bte, p\u016fsob\u00ed v du\u0161i \u010dlov\u011bka velk\u00e9 zm\u011bny. B\u016fh n\u00e1s p\u0159ij\u00edm\u00e1 za sv\u00e9 d\u00edt\u011b, za\u010dle\u0148uje n\u00e1s do rodiny sv\u00fdch d\u011bt\u00ed &#8211; do sv\u00e9 C\u00edrkve, odpou\u0161t\u00ed n\u00e1m v\u0161echny h\u0159\u00edchy, do nov\u00e9ho \u017eivota n\u00e1s vybavuje sv\u00fdmi dary, pomoc\u00ed nich\u017e m\u016f\u017eeme pak dost\u00e1t povinnostem, kter\u00e9 jako jeho d\u011bti tak\u00e9 m\u00e1me, nesmazateln\u00e9 znamen\u00ed Kristovy pe\u010deti [&hellip;]<\/p>\n","protected":false},"author":1,"featured_media":0,"parent":39,"menu_order":0,"comment_status":"closed","ping_status":"closed","template":"","meta":{"footnotes":""},"class_list":["post-45","page","type-page","status-publish","hentry"],"_links":{"self":[{"href":"https:\/\/www.farnost-spalov.cz\/index.php?rest_route=\/wp\/v2\/pages\/45","targetHints":{"allow":["GET"]}}],"collection":[{"href":"https:\/\/www.farnost-spalov.cz\/index.php?rest_route=\/wp\/v2\/pages"}],"about":[{"href":"https:\/\/www.farnost-spalov.cz\/index.php?rest_route=\/wp\/v2\/types\/page"}],"author":[{"embeddable":true,"href":"https:\/\/www.farnost-spalov.cz\/index.php?rest_route=\/wp\/v2\/users\/1"}],"replies":[{"embeddable":true,"href":"https:\/\/www.farnost-spalov.cz\/index.php?rest_route=%2Fwp%2Fv2%2Fcomments&post=45"}],"version-history":[{"count":4,"href":"https:\/\/www.farnost-spalov.cz\/index.php?rest_route=\/wp\/v2\/pages\/45\/revisions"}],"predecessor-version":[{"id":210,"href":"https:\/\/www.farnost-spalov.cz\/index.php?rest_route=\/wp\/v2\/pages\/45\/revisions\/210"}],"up":[{"embeddable":true,"href":"https:\/\/www.farnost-spalov.cz\/index.php?rest_route=\/wp\/v2\/pages\/39"}],"wp:attachment":[{"href":"https:\/\/www.farnost-spalov.cz\/index.php?rest_route=%2Fwp%2Fv2%2Fmedia&parent=45"}],"curies":[{"name":"wp","href":"https:\/\/api.w.org\/{rel}","templated":true}]}}