{"id":52,"date":"2022-03-22T21:25:36","date_gmt":"2022-03-22T21:25:36","guid":{"rendered":"https:\/\/www.farnost-spalov.cz\/?page_id=52"},"modified":"2022-04-01T06:37:42","modified_gmt":"2022-04-01T06:37:42","slug":"nase-kostely","status":"publish","type":"page","link":"https:\/\/www.farnost-spalov.cz\/?page_id=52","title":{"rendered":"NA\u0160E KOSTELY"},"content":{"rendered":"\n<h2 class=\"has-text-align-center wp-block-heading\"><strong>FARN\u00cd a FILI\u00c1LN\u00cd KOSTELY a KAPLE v \u0158KF Sp\u00e1lov:<br>(Sp\u00e1lov, Lubom\u011b\u0159 a Kloko\u010d\u016fvek)<\/strong><\/h2>\n\n\n\n<div class=\"wp-block-columns is-layout-flex wp-container-core-columns-is-layout-9d6595d7 wp-block-columns-is-layout-flex\">\n<div class=\"wp-block-column is-layout-flow wp-block-column-is-layout-flow\">\n<p class=\"has-text-align-center\">kostel <br><strong>sv. Jakuba V\u011bt\u0161\u00edho<\/strong><br>(Sp\u00e1lov)<\/p>\n\n\n\n<figure class=\"wp-block-image size-full\"><img loading=\"lazy\" decoding=\"async\" width=\"900\" height=\"675\" src=\"https:\/\/www.farnost-spalov.cz\/wp-content\/uploads\/2022\/03\/spalov.jpg\" alt=\"\" class=\"wp-image-55\" srcset=\"https:\/\/www.farnost-spalov.cz\/wp-content\/uploads\/2022\/03\/spalov.jpg 900w, https:\/\/www.farnost-spalov.cz\/wp-content\/uploads\/2022\/03\/spalov-300x225.jpg 300w, https:\/\/www.farnost-spalov.cz\/wp-content\/uploads\/2022\/03\/spalov-768x576.jpg 768w, https:\/\/www.farnost-spalov.cz\/wp-content\/uploads\/2022\/03\/spalov-624x468.jpg 624w\" sizes=\"auto, (max-width: 900px) 100vw, 900px\" \/><\/figure>\n<\/div>\n\n\n\n<div class=\"wp-block-column is-layout-flow wp-block-column-is-layout-flow\">\n<p class=\"has-text-align-center\">kostel<br><strong>sv. Vav\u0159ince<\/strong><br>(Lubom\u011b\u0159)<\/p>\n\n\n\n<figure class=\"wp-block-image size-full\"><img loading=\"lazy\" decoding=\"async\" width=\"540\" height=\"405\" src=\"https:\/\/www.farnost-spalov.cz\/wp-content\/uploads\/2022\/03\/lubomer-edited.jpg\" alt=\"\" class=\"wp-image-56\" srcset=\"https:\/\/www.farnost-spalov.cz\/wp-content\/uploads\/2022\/03\/lubomer-edited.jpg 540w, https:\/\/www.farnost-spalov.cz\/wp-content\/uploads\/2022\/03\/lubomer-edited-300x225.jpg 300w\" sizes=\"auto, (max-width: 540px) 100vw, 540px\" \/><\/figure>\n<\/div>\n\n\n\n<div class=\"wp-block-column is-layout-flow wp-block-column-is-layout-flow\">\n<p class=\"has-text-align-center\">kaple<br><strong>sv. Anton\u00edna<\/strong><br>(Kloko\u010d\u016fvek)<\/p>\n\n\n\n<figure class=\"wp-block-image size-full\"><img loading=\"lazy\" decoding=\"async\" width=\"907\" height=\"681\" src=\"https:\/\/www.farnost-spalov.cz\/wp-content\/uploads\/2022\/03\/Klokocuvek01-edited.jpg\" alt=\"\" class=\"wp-image-64\" srcset=\"https:\/\/www.farnost-spalov.cz\/wp-content\/uploads\/2022\/03\/Klokocuvek01-edited.jpg 907w, https:\/\/www.farnost-spalov.cz\/wp-content\/uploads\/2022\/03\/Klokocuvek01-edited-300x225.jpg 300w, https:\/\/www.farnost-spalov.cz\/wp-content\/uploads\/2022\/03\/Klokocuvek01-edited-768x577.jpg 768w, https:\/\/www.farnost-spalov.cz\/wp-content\/uploads\/2022\/03\/Klokocuvek01-edited-624x469.jpg 624w\" sizes=\"auto, (max-width: 907px) 100vw, 907px\" \/><\/figure>\n<\/div>\n<\/div>\n\n\n\n<hr class=\"wp-block-separator has-text-color has-background has-medium-gray-background-color has-medium-gray-color is-style-wide\"\/>\n\n\n\n<h2 class=\"has-text-align-center wp-block-heading\">FARN\u00cd a FILI\u00c1LN\u00cd KOSTELY a KAPLE v \u0158KF V\u00e9ska:<br>(V\u00e9ska, He\u0159manice, Kam\u00e9nka a He\u0159m\u00e1nky)<\/h2>\n\n\n\n<div class=\"wp-block-columns is-layout-flex wp-container-core-columns-is-layout-9d6595d7 wp-block-columns-is-layout-flex\">\n<div class=\"wp-block-column is-layout-flow wp-block-column-is-layout-flow\">\n<p class=\"has-text-align-center\">kostel <br><strong>Nav\u0161t\u00edven\u00ed <br>Panny Marie<\/strong><br>(V\u00e9ska)<strong> <\/strong><br><\/p>\n\n\n\n<figure class=\"wp-block-image size-full\"><img loading=\"lazy\" decoding=\"async\" width=\"823\" height=\"556\" src=\"https:\/\/www.farnost-spalov.cz\/wp-content\/uploads\/2022\/03\/veska_hermanice_u_oder_kostel_navstiveni_panny_marie_02_large.jpg\" alt=\"\" class=\"wp-image-70\" srcset=\"https:\/\/www.farnost-spalov.cz\/wp-content\/uploads\/2022\/03\/veska_hermanice_u_oder_kostel_navstiveni_panny_marie_02_large.jpg 823w, https:\/\/www.farnost-spalov.cz\/wp-content\/uploads\/2022\/03\/veska_hermanice_u_oder_kostel_navstiveni_panny_marie_02_large-300x203.jpg 300w, https:\/\/www.farnost-spalov.cz\/wp-content\/uploads\/2022\/03\/veska_hermanice_u_oder_kostel_navstiveni_panny_marie_02_large-768x519.jpg 768w, https:\/\/www.farnost-spalov.cz\/wp-content\/uploads\/2022\/03\/veska_hermanice_u_oder_kostel_navstiveni_panny_marie_02_large-624x422.jpg 624w\" sizes=\"auto, (max-width: 823px) 100vw, 823px\" \/><\/figure>\n<\/div>\n\n\n\n<div class=\"wp-block-column is-layout-flow wp-block-column-is-layout-flow\">\n<p class=\"has-text-align-center\">kaple <br><strong>sv. Jana<\/strong><br><strong>Nepomuck\u00e9ho<\/strong><br>(He\u0159manice)<br><\/p>\n\n\n\n<figure class=\"wp-block-image size-full\"><img loading=\"lazy\" decoding=\"async\" width=\"823\" height=\"556\" src=\"https:\/\/www.farnost-spalov.cz\/wp-content\/uploads\/2022\/03\/hermanice_u_oder_kaple_sv_jana_nepomuckeho_01_large.jpg\" alt=\"\" class=\"wp-image-71\" srcset=\"https:\/\/www.farnost-spalov.cz\/wp-content\/uploads\/2022\/03\/hermanice_u_oder_kaple_sv_jana_nepomuckeho_01_large.jpg 823w, https:\/\/www.farnost-spalov.cz\/wp-content\/uploads\/2022\/03\/hermanice_u_oder_kaple_sv_jana_nepomuckeho_01_large-300x203.jpg 300w, https:\/\/www.farnost-spalov.cz\/wp-content\/uploads\/2022\/03\/hermanice_u_oder_kaple_sv_jana_nepomuckeho_01_large-768x519.jpg 768w, https:\/\/www.farnost-spalov.cz\/wp-content\/uploads\/2022\/03\/hermanice_u_oder_kaple_sv_jana_nepomuckeho_01_large-624x422.jpg 624w\" sizes=\"auto, (max-width: 823px) 100vw, 823px\" \/><\/figure>\n<\/div>\n\n\n\n<div class=\"wp-block-column is-layout-flow wp-block-column-is-layout-flow\">\n<p class=\"has-text-align-center\">kostel <br><strong>Nejsv\u011bt\u011bj\u0161\u00ed<\/strong><br><strong>Trojice<\/strong><br>(Kam\u00e9nka)<br><\/p>\n\n\n\n<div class=\"wp-block-image\"><figure class=\"aligncenter size-full\"><img loading=\"lazy\" decoding=\"async\" width=\"481\" height=\"800\" src=\"https:\/\/www.farnost-spalov.cz\/wp-content\/uploads\/2022\/03\/kamenka.jpg\" alt=\"\" class=\"wp-image-72\" srcset=\"https:\/\/www.farnost-spalov.cz\/wp-content\/uploads\/2022\/03\/kamenka.jpg 481w, https:\/\/www.farnost-spalov.cz\/wp-content\/uploads\/2022\/03\/kamenka-180x300.jpg 180w\" sizes=\"auto, (max-width: 481px) 100vw, 481px\" \/><\/figure><\/div>\n<\/div>\n\n\n\n<div class=\"wp-block-column is-layout-flow wp-block-column-is-layout-flow\">\n<p class=\"has-text-align-center\">kostel<br><strong>Neposkvrn\u011bn\u00e9ho Po\u010det\u00ed Panny Marie<\/strong><br>(He\u0159m\u00e1nky)<\/p>\n\n\n\n<figure class=\"wp-block-image size-full\"><img loading=\"lazy\" decoding=\"async\" width=\"500\" height=\"333\" src=\"https:\/\/www.farnost-spalov.cz\/wp-content\/uploads\/2022\/03\/hermanky.jpg\" alt=\"\" class=\"wp-image-73\" srcset=\"https:\/\/www.farnost-spalov.cz\/wp-content\/uploads\/2022\/03\/hermanky.jpg 500w, https:\/\/www.farnost-spalov.cz\/wp-content\/uploads\/2022\/03\/hermanky-300x200.jpg 300w\" sizes=\"auto, (max-width: 500px) 100vw, 500px\" \/><\/figure>\n<\/div>\n<\/div>\n\n\n\n<hr class=\"wp-block-separator is-style-wide\"\/>\n\n\n\n<h2 class=\"has-text-align-center wp-block-heading\">FARN\u00cd a FILI\u00c1LN\u00cd KOSTELY a KAPLE v \u0158KF Vlkovice: <br>(Vlkovice, Dolej\u0161\u00ed Kun\u010dice)<\/h2>\n\n\n\n<div class=\"wp-block-columns is-layout-flex wp-container-core-columns-is-layout-9d6595d7 wp-block-columns-is-layout-flex\">\n<div class=\"wp-block-column is-layout-flow wp-block-column-is-layout-flow\">\n<p class=\"has-text-align-center\">kostel<br><strong>sv. Mikul\u00e1\u0161e<\/strong><br>(Vlkovice)<\/p>\n\n\n\n<div class=\"wp-block-image\"><figure class=\"aligncenter size-full is-resized\"><img loading=\"lazy\" decoding=\"async\" src=\"https:\/\/www.farnost-spalov.cz\/wp-content\/uploads\/2022\/03\/vlkovice.jpg\" alt=\"\" class=\"wp-image-126\" width=\"215\" height=\"320\" srcset=\"https:\/\/www.farnost-spalov.cz\/wp-content\/uploads\/2022\/03\/vlkovice.jpg 536w, https:\/\/www.farnost-spalov.cz\/wp-content\/uploads\/2022\/03\/vlkovice-201x300.jpg 201w\" sizes=\"auto, (max-width: 215px) 100vw, 215px\" \/><\/figure><\/div>\n<\/div>\n\n\n\n<div class=\"wp-block-column is-layout-flow wp-block-column-is-layout-flow\">\n<p class=\"has-text-align-center\">kostel<br><strong>sv. Vav\u0159ince<\/strong><br>(Dolej\u0161\u00ed Kun\u010dice)<\/p>\n\n\n\n<figure class=\"wp-block-image size-full\"><img loading=\"lazy\" decoding=\"async\" width=\"823\" height=\"556\" src=\"https:\/\/www.farnost-spalov.cz\/wp-content\/uploads\/2022\/03\/dolejsi_kuncice_kostel_sv_vavrince_02_large.jpg\" alt=\"\" class=\"wp-image-127\" srcset=\"https:\/\/www.farnost-spalov.cz\/wp-content\/uploads\/2022\/03\/dolejsi_kuncice_kostel_sv_vavrince_02_large.jpg 823w, https:\/\/www.farnost-spalov.cz\/wp-content\/uploads\/2022\/03\/dolejsi_kuncice_kostel_sv_vavrince_02_large-300x203.jpg 300w, https:\/\/www.farnost-spalov.cz\/wp-content\/uploads\/2022\/03\/dolejsi_kuncice_kostel_sv_vavrince_02_large-768x519.jpg 768w, https:\/\/www.farnost-spalov.cz\/wp-content\/uploads\/2022\/03\/dolejsi_kuncice_kostel_sv_vavrince_02_large-624x422.jpg 624w\" sizes=\"auto, (max-width: 823px) 100vw, 823px\" \/><\/figure>\n<\/div>\n<\/div>\n\n\n\n<p><\/p>\n","protected":false},"excerpt":{"rendered":"<p>FARN\u00cd a FILI\u00c1LN\u00cd KOSTELY a KAPLE v \u0158KF Sp\u00e1lov:(Sp\u00e1lov, Lubom\u011b\u0159 a Kloko\u010d\u016fvek) kostel sv. Jakuba V\u011bt\u0161\u00edho(Sp\u00e1lov) kostelsv. Vav\u0159ince(Lubom\u011b\u0159) kaplesv. Anton\u00edna(Kloko\u010d\u016fvek) FARN\u00cd a FILI\u00c1LN\u00cd KOSTELY a KAPLE v \u0158KF V\u00e9ska:(V\u00e9ska, He\u0159manice, Kam\u00e9nka a He\u0159m\u00e1nky) kostel Nav\u0161t\u00edven\u00ed Panny Marie(V\u00e9ska) kaple sv. JanaNepomuck\u00e9ho(He\u0159manice) kostel Nejsv\u011bt\u011bj\u0161\u00edTrojice(Kam\u00e9nka) kostelNeposkvrn\u011bn\u00e9ho Po\u010det\u00ed Panny Marie(He\u0159m\u00e1nky) FARN\u00cd a FILI\u00c1LN\u00cd KOSTELY a KAPLE v \u0158KF Vlkovice: [&hellip;]<\/p>\n","protected":false},"author":1,"featured_media":0,"parent":0,"menu_order":0,"comment_status":"closed","ping_status":"closed","template":"","meta":{"footnotes":""},"class_list":["post-52","page","type-page","status-publish","hentry"],"_links":{"self":[{"href":"https:\/\/www.farnost-spalov.cz\/index.php?rest_route=\/wp\/v2\/pages\/52","targetHints":{"allow":["GET"]}}],"collection":[{"href":"https:\/\/www.farnost-spalov.cz\/index.php?rest_route=\/wp\/v2\/pages"}],"about":[{"href":"https:\/\/www.farnost-spalov.cz\/index.php?rest_route=\/wp\/v2\/types\/page"}],"author":[{"embeddable":true,"href":"https:\/\/www.farnost-spalov.cz\/index.php?rest_route=\/wp\/v2\/users\/1"}],"replies":[{"embeddable":true,"href":"https:\/\/www.farnost-spalov.cz\/index.php?rest_route=%2Fwp%2Fv2%2Fcomments&post=52"}],"version-history":[{"count":16,"href":"https:\/\/www.farnost-spalov.cz\/index.php?rest_route=\/wp\/v2\/pages\/52\/revisions"}],"predecessor-version":[{"id":322,"href":"https:\/\/www.farnost-spalov.cz\/index.php?rest_route=\/wp\/v2\/pages\/52\/revisions\/322"}],"wp:attachment":[{"href":"https:\/\/www.farnost-spalov.cz\/index.php?rest_route=%2Fwp%2Fv2%2Fmedia&parent=52"}],"curies":[{"name":"wp","href":"https:\/\/api.w.org\/{rel}","templated":true}]}}